{"id":48733,"date":"2013-10-27T21:22:44","date_gmt":"2013-10-27T19:22:44","guid":{"rendered":"http:\/\/www.textilegence.com\/?page_id=48733"},"modified":"2026-04-13T15:59:50","modified_gmt":"2026-04-13T12:59:50","slug":"newsletter","status":"publish","type":"page","link":"https:\/\/www.textilegence.com\/en\/newsletter\/","title":{"rendered":"Newsletter"},"content":{"rendered":"<div id=\"tdi_1\" class=\"tdc-zone\"><div class=\"tdc_zone tdi_2  wpb_row td-pb-row\"  >\n<style scoped>\n\/* custom css - generated by TagDiv Composer *\/\n\n\/* custom css - generated by TagDiv Composer *\/\n.tdi_2{\r\n                    min-height: 0;\r\n                }\n<\/style><div id=\"tdi_3\" class=\"tdc-row stretch_row_1200 td-stretch-content\"><div class=\"vc_row tdi_4  wpb_row td-pb-row\" >\n<style scoped>\n\/* custom css - generated by TagDiv Composer *\/\n\n\/* custom css - generated by TagDiv Composer *\/\n.tdi_4,\r\n                .tdi_4 .tdc-columns{\r\n                    min-height: 0;\r\n                }.tdi_4,\r\n\t\t\t\t.tdi_4 .tdc-columns{\r\n\t\t\t\t    display: block;\r\n\t\t\t\t}.tdi_4 .tdc-columns{\r\n\t\t\t\t    width: 100%;\r\n\t\t\t\t}.tdi_4:before,\r\n\t\t\t\t.tdi_4:after{\r\n\t\t\t\t    display: table;\r\n\t\t\t\t}\n\/* inline tdc_css att - generated by TagDiv Composer *\/\n\n.tdi_4{\nmargin-top:10px !important;\nmargin-right:0px !important;\nmargin-bottom:10px !important;\nmargin-left:0px !important;\n}\n\n.tdi_4 .td_block_wrap{ text-align:left }\n\n<\/style><div class=\"vc_column tdi_6  wpb_column vc_column_container tdc-column td-pb-span6\">\n<style scoped>\n\/* custom css - generated by TagDiv Composer *\/\n\n\/* custom css - generated by TagDiv Composer *\/\n.tdi_6{\r\n                    vertical-align: baseline;\r\n                }.tdi_6 > .wpb_wrapper,\r\n\t\t\t\t.tdi_6 > .wpb_wrapper > .tdc-elements{\r\n\t\t\t\t    display: block;\r\n\t\t\t\t}.tdi_6 > .wpb_wrapper > .tdc-elements{\r\n\t\t\t\t    width: 100%;\r\n\t\t\t\t}.tdi_6 > .wpb_wrapper > .vc_row_inner{\r\n\t\t\t\t    width: auto;\r\n\t\t\t\t}.tdi_6 > .wpb_wrapper{\r\n\t\t\t\t    width: auto;\r\n\t\t\t\t    height: auto;\r\n\t\t\t\t}\n\/* inline tdc_css att - generated by TagDiv Composer *\/\n\n.tdi_6{\nborder-style:solid !important;\nborder-color:#888888 !important;\nborder-width: 0px 0px 0px 1px !important;\n}\n\n<\/style><div class=\"wpb_wrapper\" ><div class=\"tdm_block td_block_wrap tdm_block_image_info_box tdi_7 tdm-content-horiz-center tdm-content-vert-center td-image-info-box-style-2 td-pb-border-top td_block_template_9 tdm-mobile-full\"  data-td-block-uid=\"tdi_7\" >\n<style>\n\/* custom css - generated by TagDiv Composer *\/\n.tdm_block_image_info_box .tdm-col{\r\n                  width: 100%;\r\n                }.tdm_block_image_info_box .tdm-image-wrap{\r\n                  overflow: hidden;\r\n                  position: relative;\r\n                  color: #fff;\r\n                }.tdm_block_image_info_box .tdm-image-box{\r\n                  height: 300px;\r\n                  display: block;\r\n                  background-size: cover;\r\n                  background-position: center;\r\n                }.tdm_block_image_info_box .tdm-image-box:before{\r\n                  content: '';\r\n                  -webkit-transition: all 0.3s;\r\n                  transition: all 0.3s;\r\n                  width: 100%;\r\n                  height: 100%;\r\n                  position: absolute;\r\n                  top: 0;\r\n                  left: 0;\r\n                }.tdm_block_image_info_box .tdm-title-md{\r\n                  font-weight: 600;\r\n                  color: #fff;\r\n                  margin: 0;\r\n                }.tdm_block_image_info_box .tdm-image-description{\r\n                  position: absolute;\r\n                  top: 0 !important;\r\n                  padding: 6% 7%;\r\n                  width: 100%;\r\n                  pointer-events: none;\r\n                }.tdm_block_image_info_box .tdm-image-description p{\r\n                  font-family: var(--td_default_google_font_2, 'Roboto', sans-serif);\r\n                  font-size: 16px;\r\n                  line-height: 24px;\r\n                }.tdm_block_image_info_box .tdm-image-description p:last-of-type{\r\n                  margin-bottom: 0;\r\n                }.tdm_block_image_info_box .tdm-image-meta{\r\n                  -webkit-transition: all 0.3s;\r\n                  transition: all 0.3s;\r\n                  position: absolute;\r\n                  margin-right: 30px;\r\n                  margin-top: 15px;\r\n                }.tdm_block_image_info_box .tds-button{\r\n                  margin-top: 25px;\r\n                  pointer-events: all;\r\n                }.tdm_block_image_info_box .tdm-image-border{\r\n                  position: absolute;\r\n                  bottom: 0;\r\n                  width: 100%;\r\n                  z-index: 1;\r\n                }.tdm_block_image_info_box .tdm-image-border span{\r\n                  display: inline-block;\r\n                  width: 33.3333%;\r\n                  float: left;\r\n                  height: 4px;\r\n                }.tdm_block_image_info_box .tdm-image-border .tdm-image-border0{\r\n                  opacity: 0.8;\r\n                }.tdm_block_image_info_box .tdm-image-border .tdm-image-border1{\r\n                  opacity: 0.6;\r\n                }.tdm_block_image_info_box .tdm-image-border .tdm-image-border2{\r\n                  opacity: 0.4;\r\n                }.tdm_block_image_info_box.td-image-info-box-style-1.tdm-content-vert-center .tdm-image-description{\r\n                  top: 50% !important;\r\n                  transform: translateY(-50%);\r\n                }.tdm_block_image_info_box.td-image-info-box-style-1.tdm-content-vert-bottom .tdm-image-description{\r\n                  top: auto !important;\r\n                  bottom: 0;\r\n                }.tdm_block_image_info_box.td-image-info-box-style-1 .tdm-image-description{\r\n                  display: table;\r\n                }.tdm_block_image_info_box.td-image-info-box-style-1 .tdm-image-meta{\r\n                  position: relative;\r\n                  margin-right: 0;\r\n                }.tdm_block_image_info_box.td-image-info-box-style-2 .tdm-image-meta{\r\n                  bottom: 20px;\r\n                }.tdm_block_image_info_box.td-image-info-box-style-2 .tdm-image-description{\r\n                  bottom: 0;\r\n                }.tdm_block_image_info_box.td-image-info-box-style-2 .tds-button{\r\n                  position: absolute;\r\n                  margin-top: 40px;\r\n                  width: 100%;\r\n                }.tdm_block_image_info_box.td-image-info-box-style-2 .tdm-image-wrap:hover.tdm-btn-sm-used .tdm-image-meta{\r\n                  -webkit-transform: translateY(-45px);\r\n                  transform: translateY(-45px);\r\n                }.tdm_block_image_info_box.td-image-info-box-style-2 .tdm-image-wrap:hover.tdm-btn-sm-used .tds-button{\r\n                  margin-top: 10px;\r\n                }.tdm_block_image_info_box.td-image-info-box-style-2 .tdm-image-wrap:hover.tdm-btn-md-used .tdm-image-meta{\r\n                  -webkit-transform: translateY(-65px);\r\n                  transform: translateY(-65px);\r\n                }.tdm_block_image_info_box.td-image-info-box-style-2 .tdm-image-wrap:hover.tdm-btn-md-used .tds-button{\r\n                  margin-top: 14px;\r\n                }.tdm_block_image_info_box.td-image-info-box-style-2 .tdm-image-wrap:hover.tdm-btn-lg-used .tdm-image-meta{\r\n                  -webkit-transform: translateY(-87px);\r\n                  transform: translateY(-87px);\r\n                }.tdm_block_image_info_box.td-image-info-box-style-2 .tdm-image-wrap:hover.tdm-btn-lg-used .tds-button{\r\n                  margin-top: 23px;\r\n                }.tdm_block_image_info_box.td-image-info-box-style-2 .tdm-image-wrap:hover.tdm-btn-xlg-used .tdm-image-meta{\r\n                  -webkit-transform: translateY(-112px);\r\n                  transform: translateY(-112px);\r\n                }.tdm_block_image_info_box.td-image-info-box-style-2 .tdm-image-wrap:hover.tdm-btn-xlg-used .tds-button{\r\n                  margin-top: 23px;\r\n                }.tdm_block_image_info_box.td-image-info-box-style-2.tdm-content-horiz-center .tdm-image-meta{\r\n                  left: 7%;\r\n                  right: 7%;\r\n                  margin-right: 0;\r\n                }.tdm_block_image_info_box.td-image-info-box-style-2.tdm-content-horiz-center .tds-button{\r\n                  left: 50%;\r\n                  -webkit-transform: translateX(-50%);\r\n                  transform: translateX(-50%);\r\n                }.tdm_block_image_info_box.td-image-info-box-style-2.tdm-content-horiz-right .tdm-image-meta{\r\n                  right: 7%;\r\n                  margin-right: 0;\r\n                  margin-left: 20px;\r\n                }.tdm_block_image_info_box.td-image-info-box-style-2.tdm-content-horiz-right .tds-button{\r\n                  right: 0;\r\n                }.tdi_7 .tdm-image-box{\r\n                    height: 500px;\r\n                }.tdi_7 .td-block-row .tdm-image-box:before{\r\n\t\t\t\t\tbackground-color: rgba(0,19,38,0.44);\r\n\t\t\t\t}@media (max-width: 767px) {\r\n                  .tdm_block_image_info_box .tdm-image-description {\r\n                    padding: 20px;\r\n                  }\r\n                }@media (min-width: 1019px) and (max-width: 1140px) {\r\n                  .tdm_block_image_info_box .tdm-image-description p {\r\n                    font-size: 14px;\r\n                    line-height: 20px;\r\n                  }\r\n                }@media (min-width: 768px) and (max-width: 1018px) {\r\n                  .tdm_block_image_info_box .tdm-image-description p {\r\n                    font-size: 14px;\r\n                    line-height: 20px;\r\n                  }\r\n                }\n<\/style><div class=\"td-block-width\"><div class=\"td-block-row\"><div class=\"td-block-span12 tdm-col\"><div class=\"tdm-image-wrap tdm-with-button tdm-btn-md-used\"><div class=\"tdm-image-border\"><span class=\"tdm-image-border0\"><\/span><span class=\"tdm-image-border1\"><\/span><span class=\"tdm-image-border2\"><\/span><\/div><a class=\"tdm-image-box\" style=\"background-image: url('https:\/\/www.textilegence.com\/wp-content\/uploads\/2026\/04\/Textilegence-Mart-Nisan-2026.jpg');\" href=\"https:\/\/www.textilegence.com\/en\/e-magazine\/\"  target=\"_blank\"  rel=\"bookmark\" title=\"Issue: 78 - March\/April 2026\"><\/a><div class=\"tdm-image-description\"><h3 class=\"tdm-title-md\">Issue: 78 - March\/April 2026<\/h3><div class=\"tdm-image-meta\"><p><\/p>\n<style>\n\/* custom css - generated by TagDiv Composer *\/\n.tdi_8 i{\r\n\t\t\t\t\tfont-size: 18px;\r\n\t\t\t\t}body .tdi_8 .tdm-btn-icon:last-child{\r\n\t\t\t\t\tmargin-left: 14px;\r\n\t\t\t\t}.tdi_8{\r\n\t\t\t\t\tbox-shadow:  0px 2px 16px 0px rgba(0, 0, 0, 0.1);\r\n\t\t\t\t}.tdi_8:hover{\r\n\t\t\t\t\tbox-shadow:  0px 2px 26px 0px rgba(0, 0, 0, 0.1);\r\n\t\t\t\t}\n<\/style><div class=\"tds-button td-fix-index\"><a href=\"https:\/\/www.textilegence.com\/en\/e-magazine\/\"  title=\"Read now\" class=\"tds-button3 tdm-btn tdm-btn-md tdi_8 \" ><span class=\"tdm-btn-text\">Read now<\/span><i class=\"tdm-btn-icon tdc-font-fa tdc-font-fa-graduation-cap\"><\/i><\/a><\/div><\/div><\/div><\/div><\/div><div class=\"clearfix\"><\/div><\/div><\/div><\/div><div class=\"wpb_wrapper wpb_text_column td_block_wrap td_block_wrap vc_column_text tdi_9  tagdiv-type td-pb-border-top td_block_template_9\"  data-td-block-uid=\"tdi_9\" >\n<style>\n\/* custom css - generated by TagDiv Composer *\/\n.vc_column_text > .td-element-style{\r\n\t\t\t\t\tz-index: -1;\r\n\t\t\t\t}.tdi_9,\r\n                .tdi_9 p{\r\n\t\t\t        font-family:Noto Serif !important;\r\n\t\t        }\n<\/style><div class=\"td-fix-index\"><p>The simple newsletter subscription is a free registration system that allows you to receive the latest news sent regularly on a monthly basis. You can sign up for our weekly newsletter distributions for free using the form below.<\/p>\n<p>You can create your subscription on <a href=\"https:\/\/www.textilegence.com\/en\/subscribe\/\">this page<\/a>.<\/p>\n<\/div><\/div><\/div><\/div><div class=\"vc_column tdi_11  wpb_column vc_column_container tdc-column td-pb-span6\">\n<style scoped>\n\/* custom css - generated by TagDiv Composer *\/\n\n\/* custom css - generated by TagDiv Composer *\/\n.tdi_11{\r\n                    vertical-align: baseline;\r\n                }.tdi_11 > .wpb_wrapper,\r\n\t\t\t\t.tdi_11 > .wpb_wrapper > .tdc-elements{\r\n\t\t\t\t    display: block;\r\n\t\t\t\t}.tdi_11 > .wpb_wrapper > .tdc-elements{\r\n\t\t\t\t    width: 100%;\r\n\t\t\t\t}.tdi_11 > .wpb_wrapper > .vc_row_inner{\r\n\t\t\t\t    width: auto;\r\n\t\t\t\t}.tdi_11 > .wpb_wrapper{\r\n\t\t\t\t    width: auto;\r\n\t\t\t\t    height: auto;\r\n\t\t\t\t}\n\/* inline tdc_css att - generated by TagDiv Composer *\/\n\n.tdi_11{\nborder-style:solid !important;\nborder-color:#888888 !important;\nborder-width: 0px 1px 0px 0px !important;\n}\n\n<\/style><div class=\"wpb_wrapper\" ><div class=\"wpb_wrapper td_block_wrap vc_raw_html tdi_13 \"><div class=\"td-fix-index\"><div style=\"text-align: center\" class=\"sender-form-field\" data-sender-form-id=\"erkWKE\"><\/div><\/div><\/div><\/div><\/div><\/div><\/div><\/div><\/div>","protected":false},"excerpt":{"rendered":"","protected":false},"author":8,"featured_media":0,"parent":0,"menu_order":0,"comment_status":"closed","ping_status":"closed","template":"","meta":{"footnotes":""},"class_list":["post-48733","page","type-page","status-publish"],"yoast_head":"<!-- This site is optimized with the Yoast SEO Premium plugin v27.3 (Yoast SEO v27.3) - https:\/\/yoast.com\/product\/yoast-seo-premium-wordpress\/ -->\n<title>Newsletter - Textilegence Magazine and Digital Platform<\/title>\n<meta name=\"description\" content=\"Haftada bir Cuma g\u00fcnleri da\u011f\u0131t\u0131lan bas\u0131n b\u00fcltenlerimizi d\u00fczenli olarak almak i\u00e7in l\u00fctfen formu eksiksiz doldurunuz.\" \/>\n<meta name=\"robots\" content=\"index, follow, max-snippet:-1, max-image-preview:large, max-video-preview:-1\" \/>\n<link rel=\"canonical\" href=\"https:\/\/www.textilegence.com\/en\/newsletter\/\" \/>\n<meta property=\"og:locale\" content=\"en_US\" \/>\n<meta property=\"og:type\" content=\"article\" \/>\n<meta property=\"og:title\" content=\"Newsletter\" \/>\n<meta property=\"og:url\" content=\"https:\/\/www.textilegence.com\/en\/newsletter\/\" \/>\n<meta property=\"og:site_name\" content=\"Textilegence Magazine and Digital Platform\" \/>\n<meta property=\"article:publisher\" content=\"https:\/\/www.facebook.com\/TextilegenceMagazine\" \/>\n<meta property=\"article:modified_time\" content=\"2026-04-13T12:59:50+00:00\" \/>\n<meta name=\"twitter:card\" content=\"summary_large_image\" \/>\n<meta name=\"twitter:site\" content=\"@textilegence\" \/>\n<meta name=\"twitter:label1\" content=\"Est. reading time\" \/>\n\t<meta name=\"twitter:data1\" content=\"3 minutes\" \/>\n<script type=\"application\/ld+json\" class=\"yoast-schema-graph\">{\"@context\":\"https:\\\/\\\/schema.org\",\"@graph\":[{\"@type\":\"WebPage\",\"@id\":\"https:\\\/\\\/www.textilegence.com\\\/en\\\/newsletter\\\/\",\"url\":\"https:\\\/\\\/www.textilegence.com\\\/en\\\/newsletter\\\/\",\"name\":\"Newsletter - Textilegence Magazine and Digital Platform\",\"isPartOf\":{\"@id\":\"https:\\\/\\\/www.textilegence.com\\\/en\\\/#website\"},\"datePublished\":\"2013-10-27T19:22:44+00:00\",\"dateModified\":\"2026-04-13T12:59:50+00:00\",\"description\":\"Haftada bir Cuma g\u00fcnleri da\u011f\u0131t\u0131lan bas\u0131n b\u00fcltenlerimizi d\u00fczenli olarak almak i\u00e7in l\u00fctfen formu eksiksiz doldurunuz.\",\"breadcrumb\":{\"@id\":\"https:\\\/\\\/www.textilegence.com\\\/en\\\/newsletter\\\/#breadcrumb\"},\"inLanguage\":\"en-US\",\"potentialAction\":[{\"@type\":\"ReadAction\",\"target\":[\"https:\\\/\\\/www.textilegence.com\\\/en\\\/newsletter\\\/\"]}]},{\"@type\":\"BreadcrumbList\",\"@id\":\"https:\\\/\\\/www.textilegence.com\\\/en\\\/newsletter\\\/#breadcrumb\",\"itemListElement\":[{\"@type\":\"ListItem\",\"position\":1,\"name\":\"Home Page\",\"item\":\"https:\\\/\\\/www.textilegence.com\\\/en\\\/homepage-the-rimont\\\/\"},{\"@type\":\"ListItem\",\"position\":2,\"name\":\"Newsletter\"}]},{\"@type\":\"WebSite\",\"@id\":\"https:\\\/\\\/www.textilegence.com\\\/en\\\/#website\",\"url\":\"https:\\\/\\\/www.textilegence.com\\\/en\\\/\",\"name\":\"Textilegence Magazine and Digital Platform\",\"description\":\"Textile News Center\",\"publisher\":{\"@id\":\"https:\\\/\\\/www.textilegence.com\\\/en\\\/#organization\"},\"potentialAction\":[{\"@type\":\"SearchAction\",\"target\":{\"@type\":\"EntryPoint\",\"urlTemplate\":\"https:\\\/\\\/www.textilegence.com\\\/en\\\/?s={search_term_string}\"},\"query-input\":{\"@type\":\"PropertyValueSpecification\",\"valueRequired\":true,\"valueName\":\"search_term_string\"}}],\"inLanguage\":\"en-US\"},{\"@type\":\"Organization\",\"@id\":\"https:\\\/\\\/www.textilegence.com\\\/en\\\/#organization\",\"name\":\"Textilegence Magazine and Digital Platform\",\"url\":\"https:\\\/\\\/www.textilegence.com\\\/en\\\/\",\"logo\":{\"@type\":\"ImageObject\",\"inLanguage\":\"en-US\",\"@id\":\"https:\\\/\\\/www.textilegence.com\\\/en\\\/#\\\/schema\\\/logo\\\/image\\\/\",\"url\":\"https:\\\/\\\/www.textilegence.com\\\/wp-content\\\/uploads\\\/2016\\\/11\\\/New_Retina_Logo_Textilegence.png\",\"contentUrl\":\"https:\\\/\\\/www.textilegence.com\\\/wp-content\\\/uploads\\\/2016\\\/11\\\/New_Retina_Logo_Textilegence.png\",\"width\":544,\"height\":180,\"caption\":\"Textilegence Magazine and Digital Platform\"},\"image\":{\"@id\":\"https:\\\/\\\/www.textilegence.com\\\/en\\\/#\\\/schema\\\/logo\\\/image\\\/\"},\"sameAs\":[\"https:\\\/\\\/www.facebook.com\\\/TextilegenceMagazine\",\"https:\\\/\\\/x.com\\\/textilegence\",\"https:\\\/\\\/www.instagram.com\\\/textilegence\\\/\",\"https:\\\/\\\/www.linkedin.com\\\/groups\\\/Textilegence-Magazine-Digital-Platform-4897253\",\"https:\\\/\\\/www.youtube.com\\\/user\\\/textilegence\"],\"description\":\"Textilegence is a magazine and digital platform established in 2013. It focuses on the textile industry and sub-segments. The platform provides news, articles, and updates on various aspects of the textile industry, including sustainability, technological advancements, and market trends.\",\"email\":\"editor@textilegence.com\",\"telephone\":\"+90 212 442 24 12\",\"legalName\":\"Textilegence Mag and Digital Platform\",\"foundingDate\":\"2013-01-01\",\"numberOfEmployees\":{\"@type\":\"QuantitativeValue\",\"minValue\":\"1\",\"maxValue\":\"10\"}}]}<\/script>\n<!-- \/ Yoast SEO Premium plugin. -->","yoast_head_json":{"title":"Newsletter - Textilegence Magazine and Digital Platform","description":"Haftada bir Cuma g\u00fcnleri da\u011f\u0131t\u0131lan bas\u0131n b\u00fcltenlerimizi d\u00fczenli olarak almak i\u00e7in l\u00fctfen formu eksiksiz doldurunuz.","robots":{"index":"index","follow":"follow","max-snippet":"max-snippet:-1","max-image-preview":"max-image-preview:large","max-video-preview":"max-video-preview:-1"},"canonical":"https:\/\/www.textilegence.com\/en\/newsletter\/","og_locale":"en_US","og_type":"article","og_title":"Newsletter","og_url":"https:\/\/www.textilegence.com\/en\/newsletter\/","og_site_name":"Textilegence Magazine and Digital Platform","article_publisher":"https:\/\/www.facebook.com\/TextilegenceMagazine","article_modified_time":"2026-04-13T12:59:50+00:00","twitter_card":"summary_large_image","twitter_site":"@textilegence","twitter_misc":{"Est. reading time":"3 minutes"},"schema":{"@context":"https:\/\/schema.org","@graph":[{"@type":"WebPage","@id":"https:\/\/www.textilegence.com\/en\/newsletter\/","url":"https:\/\/www.textilegence.com\/en\/newsletter\/","name":"Newsletter - Textilegence Magazine and Digital Platform","isPartOf":{"@id":"https:\/\/www.textilegence.com\/en\/#website"},"datePublished":"2013-10-27T19:22:44+00:00","dateModified":"2026-04-13T12:59:50+00:00","description":"Haftada bir Cuma g\u00fcnleri da\u011f\u0131t\u0131lan bas\u0131n b\u00fcltenlerimizi d\u00fczenli olarak almak i\u00e7in l\u00fctfen formu eksiksiz doldurunuz.","breadcrumb":{"@id":"https:\/\/www.textilegence.com\/en\/newsletter\/#breadcrumb"},"inLanguage":"en-US","potentialAction":[{"@type":"ReadAction","target":["https:\/\/www.textilegence.com\/en\/newsletter\/"]}]},{"@type":"BreadcrumbList","@id":"https:\/\/www.textilegence.com\/en\/newsletter\/#breadcrumb","itemListElement":[{"@type":"ListItem","position":1,"name":"Home Page","item":"https:\/\/www.textilegence.com\/en\/homepage-the-rimont\/"},{"@type":"ListItem","position":2,"name":"Newsletter"}]},{"@type":"WebSite","@id":"https:\/\/www.textilegence.com\/en\/#website","url":"https:\/\/www.textilegence.com\/en\/","name":"Textilegence Magazine and Digital Platform","description":"Textile News Center","publisher":{"@id":"https:\/\/www.textilegence.com\/en\/#organization"},"potentialAction":[{"@type":"SearchAction","target":{"@type":"EntryPoint","urlTemplate":"https:\/\/www.textilegence.com\/en\/?s={search_term_string}"},"query-input":{"@type":"PropertyValueSpecification","valueRequired":true,"valueName":"search_term_string"}}],"inLanguage":"en-US"},{"@type":"Organization","@id":"https:\/\/www.textilegence.com\/en\/#organization","name":"Textilegence Magazine and Digital Platform","url":"https:\/\/www.textilegence.com\/en\/","logo":{"@type":"ImageObject","inLanguage":"en-US","@id":"https:\/\/www.textilegence.com\/en\/#\/schema\/logo\/image\/","url":"https:\/\/www.textilegence.com\/wp-content\/uploads\/2016\/11\/New_Retina_Logo_Textilegence.png","contentUrl":"https:\/\/www.textilegence.com\/wp-content\/uploads\/2016\/11\/New_Retina_Logo_Textilegence.png","width":544,"height":180,"caption":"Textilegence Magazine and Digital Platform"},"image":{"@id":"https:\/\/www.textilegence.com\/en\/#\/schema\/logo\/image\/"},"sameAs":["https:\/\/www.facebook.com\/TextilegenceMagazine","https:\/\/x.com\/textilegence","https:\/\/www.instagram.com\/textilegence\/","https:\/\/www.linkedin.com\/groups\/Textilegence-Magazine-Digital-Platform-4897253","https:\/\/www.youtube.com\/user\/textilegence"],"description":"Textilegence is a magazine and digital platform established in 2013. It focuses on the textile industry and sub-segments. The platform provides news, articles, and updates on various aspects of the textile industry, including sustainability, technological advancements, and market trends.","email":"editor@textilegence.com","telephone":"+90 212 442 24 12","legalName":"Textilegence Mag and Digital Platform","foundingDate":"2013-01-01","numberOfEmployees":{"@type":"QuantitativeValue","minValue":"1","maxValue":"10"}}]}},"_links":{"self":[{"href":"https:\/\/www.textilegence.com\/en\/wp-json\/wp\/v2\/pages\/48733","targetHints":{"allow":["GET"]}}],"collection":[{"href":"https:\/\/www.textilegence.com\/en\/wp-json\/wp\/v2\/pages"}],"about":[{"href":"https:\/\/www.textilegence.com\/en\/wp-json\/wp\/v2\/types\/page"}],"author":[{"embeddable":true,"href":"https:\/\/www.textilegence.com\/en\/wp-json\/wp\/v2\/users\/8"}],"replies":[{"embeddable":true,"href":"https:\/\/www.textilegence.com\/en\/wp-json\/wp\/v2\/comments?post=48733"}],"version-history":[{"count":4,"href":"https:\/\/www.textilegence.com\/en\/wp-json\/wp\/v2\/pages\/48733\/revisions"}],"predecessor-version":[{"id":64052,"href":"https:\/\/www.textilegence.com\/en\/wp-json\/wp\/v2\/pages\/48733\/revisions\/64052"}],"wp:attachment":[{"href":"https:\/\/www.textilegence.com\/en\/wp-json\/wp\/v2\/media?parent=48733"}],"curies":[{"name":"wp","href":"https:\/\/api.w.org\/{rel}","templated":true}]}}